{"id":56,"date":"2017-10-21T02:39:23","date_gmt":"2017-10-21T02:39:23","guid":{"rendered":"http:\/\/oamgmamr-gorj.ro\/?page_id=56"},"modified":"2019-02-26T11:26:50","modified_gmt":"2019-02-26T11:26:50","slug":"despre-noi","status":"publish","type":"page","link":"https:\/\/oamgmamr-gorj.ro\/index.php\/despre-noi\/","title":{"rendered":"Despre noi"},"content":{"rendered":"<p><div class=\"fusion-fullwidth fullwidth-box fusion-builder-row-1 nonhundred-percent-fullwidth non-hundred-percent-height-scrolling fusion-equal-height-columns\" style=\"background-color: rgba(255,255,255,0);background-position: left top;background-repeat: no-repeat;padding-top:80px;padding-right:0px;padding-bottom:90px;padding-left:0px;margin-bottom: 0px;margin-top: 0px;border-width: 0px 0px 0px 0px;border-color:#e8eaf0;border-style:solid;\" ><div class=\"fusion-builder-row fusion-row\"><div class=\"fusion-layout-column fusion_builder_column fusion-builder-column-0 fusion_builder_column_1_2 1_2 fusion-one-half fusion-column-first\" style=\"width:50%;width:calc(50% - ( ( 9% ) * 0.5 ) );margin-right: 9%;margin-top:20px;margin-bottom:20px;\"><div class=\"fusion-column-wrapper fusion-flex-column-wrapper-legacy\" style=\"background-position:left top;background-repeat:no-repeat;-webkit-background-size:cover;-moz-background-size:cover;-o-background-size:cover;background-size:cover;padding: 0px 0px 0px 0px;\"><div class=\"fusion-column-content-centered\"><div class=\"fusion-column-content\"><style type=\"text\/css\"><\/style><div class=\"fusion-title title fusion-title-1 fusion-sep-none fusion-title-text fusion-title-size-two\" style=\"margin-top:10px;margin-right:0px;margin-bottom:20px;margin-left:0px;\"><h2 class=\"title-heading-left fusion-responsive-typography-calculated\" style=\"margin:0;--fontSize:38;line-height:1.3;\">Istoric<\/h2><\/div><div class=\"fusion-sep-clear\"><\/div><div class=\"fusion-separator fusion-full-width-sep\" style=\"margin-left: auto;margin-right: auto;margin-top:15px;width:100%;\"><\/div><div class=\"fusion-sep-clear\"><\/div><div class=\"fusion-text fusion-text-1\"><span class=\"fusion-dropcap dropcap dropcap-boxed\" style=\"border-radius:50%;\">1<\/span>\n<p style=\"font-size: 21px;\">\u00cen 1994, Colegiul Asistentilor Medicali din Rom\u00e2nia a avut initiativa elaborarii unei legi a asistentilor medicali din Rom\u00e2nia. C.M.R. a intocmit si prezentat Ministerului Sanatatii proiectul unei asemenea legi, iar dupa 7 ani, acesta a fost aprobat ca Legea 461\/2001. In acelasi timp, titulatura organizatiei a fost modificata din Colegiul Asistentilor Medicali din Rom\u00e2nia in Ordinul Asistentilor Medicali din Rom\u00e2nia (OAMR). Legea nr. 461 s-a intitulat &#8220;Legea privind exercitarea profesiei de asistent medical, infiintarea, organizarea si functionarea Ordinului Asistentilor Medicali din Rom\u00e2nia&#8221;. Inceperea negocierilor privind aderarea Rom\u00e2niei la Uniunea Europeana a impus insa alinierea legislatiei rom\u00e2nesti la cea europeana in toate domeniile de activitate, inclusiv in privinta legislatiei care reglementeaza activitatea asistentilor medicali si a moaselor din Rom\u00e2nia. Aceasta cerinta a determinat modificarea Legii 461\/2001, dupa norme europene. Proiectul de lege a fost elaborat in cadrul Grupului PHARE RO a fost adoptat de Parlamentul Rom\u00e2niei in 30 iunie 2004 ca Legea 307\/2004, privind exercitarea profesiei de asistent medical si moasa, precum si organizarea si functionarea Ordinului Asistentilor Medicali si Moaselor din Rom\u00e2nia (OAMMR).<\/p>\n<\/div><div class=\"fusion-sep-clear\"><\/div><div class=\"fusion-separator fusion-full-width-sep\" style=\"margin-left: auto;margin-right: auto;margin-top:15px;width:100%;\"><\/div><div class=\"fusion-sep-clear\"><\/div><div class=\"fusion-text fusion-text-2\"><span class=\"fusion-dropcap dropcap dropcap-boxed\" style=\"border-radius:50%;\">3<\/span>\n<p style=\"font-size: 21px;\">OAMMR devine organizatie &#8220;de interes public&#8221; si beneficiaza de &#8220;autonomie institutionala&#8221;. Organizatia are rolul nu doar de supraveghere a exercitarii profesiei ci si de control in cazul membrilor cu drept de libera practica, asistenti medicali si moase. Statutul OAMMR prevede in mod explicit atributiile presedintilor, vicepresedintilor, secretarilor de filiale si ale celor alesi la nivel national. Din noiembrie 2008, conform Ordonantei de Urgenta 144\/2008 care abroga Legea nr. 307\/2004, Ordinul Asistentilor Medicali Generalisti, Moaselor si Asistentilor Medicali din Rom\u00e2nia se organizeaza si functioneaza ca organizatie profesionala, cu personalitate juridica, neguvernamentala, de interes public, apolitica, fara scop patrimonial, cu responsabilitati delegate de autoritatea de stat, av\u00e2nd ca obiect de activitate autorizarea, controlul si supravegherea exercitarii profesiei de asistent medical generalist, a profesiei de moasa si, respectiv, a profesiei de asistent medical, ca profesii liberale de practica publica autorizate.<\/p>\n<\/div><\/div><\/div><div class=\"fusion-clearfix\"><\/div><\/div><\/div><div class=\"fusion-layout-column fusion_builder_column fusion-builder-column-1 fusion_builder_column_1_2 1_2 fusion-one-half fusion-column-last\" style=\"width:50%;width:calc(50% - ( ( 9% ) * 0.5 ) );margin-top:20px;margin-bottom:20px;\"><div class=\"fusion-column-wrapper fusion-flex-column-wrapper-legacy\" style=\"background-position:left top;background-repeat:no-repeat;-webkit-background-size:cover;-moz-background-size:cover;-o-background-size:cover;background-size:cover;padding: 0px 0px 0px 0px;\"><div class=\"fusion-column-content-centered\"><div class=\"fusion-column-content\"><div class=\"fusion-sep-clear\"><\/div><div class=\"fusion-separator fusion-full-width-sep\" style=\"margin-left: auto;margin-right: auto;margin-top:15px;width:100%;\"><\/div><div class=\"fusion-sep-clear\"><\/div><span class=\" fusion-imageframe imageframe-none imageframe-1 hover-type-none\"><img decoding=\"async\" width=\"900\" height=\"600\" title=\"IMG_1462\" src=\"https:\/\/oamgmamr-gorj.ro\/wp-content\/uploads\/2019\/02\/IMG_1462.jpg\" alt class=\"img-responsive wp-image-1105\" srcset=\"https:\/\/oamgmamr-gorj.ro\/wp-content\/uploads\/2019\/02\/IMG_1462-200x133.jpg 200w, https:\/\/oamgmamr-gorj.ro\/wp-content\/uploads\/2019\/02\/IMG_1462-400x267.jpg 400w, https:\/\/oamgmamr-gorj.ro\/wp-content\/uploads\/2019\/02\/IMG_1462-600x400.jpg 600w, https:\/\/oamgmamr-gorj.ro\/wp-content\/uploads\/2019\/02\/IMG_1462-800x533.jpg 800w, https:\/\/oamgmamr-gorj.ro\/wp-content\/uploads\/2019\/02\/IMG_1462.jpg 900w\" sizes=\"(max-width: 800px) 100vw, 600px\" \/><\/span><div class=\"fusion-sep-clear\"><\/div><div class=\"fusion-separator fusion-full-width-sep\" style=\"margin-left: auto;margin-right: auto;margin-top:15px;width:100%;\"><\/div><div class=\"fusion-sep-clear\"><\/div><div class=\"fusion-text fusion-text-3\"><span class=\"fusion-dropcap dropcap dropcap-boxed\" style=\"border-radius:50%;\">2<\/span>\n<p style=\"font-size: 21px;\">Una dintre cele mai importante reglementari prevazute in Legea 307\/2004 se refera la autonomia profesiei de asistent medical si moasa. Prin Legea 307\/2004 pregatirea continua a asistentilor medicali si a moaselor nu mai este o optiune personala ci &#8220;asistentii medicali si moasele sunt obligati sa efectueze cursuri de pregatire si alte forme de educatie continua creditate&#8221;. Pentru obtinerea acestor credite, OAMMR a initiat si demarat de la sf\u00e2rsitul anului 2003 Programul National de Educatie Medicala Continua care reglementeaza manifestarile stiintifice pentru care se acorda credite, precum si modalitatea de creditare.<\/p>\n<\/div><div class=\"fusion-sep-clear\"><\/div><div class=\"fusion-separator fusion-full-width-sep\" style=\"margin-left: auto;margin-right: auto;margin-top:15px;width:100%;\"><\/div><div class=\"fusion-sep-clear\"><\/div><span class=\" fusion-imageframe imageframe-none imageframe-2 hover-type-none\"><img decoding=\"async\" width=\"1024\" height=\"683\" title=\"Nurse looking at you (close-up)\" src=\"https:\/\/oamgmamr-gorj.ro\/wp-content\/uploads\/2019\/02\/nurse-looking-at-you-close-up-PFY6DN2-1-1-1024x683.jpg\" alt class=\"img-responsive wp-image-1114\" srcset=\"https:\/\/oamgmamr-gorj.ro\/wp-content\/uploads\/2019\/02\/nurse-looking-at-you-close-up-PFY6DN2-1-1-200x133.jpg 200w, https:\/\/oamgmamr-gorj.ro\/wp-content\/uploads\/2019\/02\/nurse-looking-at-you-close-up-PFY6DN2-1-1-400x267.jpg 400w, https:\/\/oamgmamr-gorj.ro\/wp-content\/uploads\/2019\/02\/nurse-looking-at-you-close-up-PFY6DN2-1-1-600x400.jpg 600w, https:\/\/oamgmamr-gorj.ro\/wp-content\/uploads\/2019\/02\/nurse-looking-at-you-close-up-PFY6DN2-1-1-800x533.jpg 800w, https:\/\/oamgmamr-gorj.ro\/wp-content\/uploads\/2019\/02\/nurse-looking-at-you-close-up-PFY6DN2-1-1-1200x800.jpg 1200w\" sizes=\"(max-width: 800px) 100vw, 600px\" \/><\/span><\/div><\/div><div class=\"fusion-clearfix\"><\/div><\/div><\/div><\/div><\/div><div class=\"fusion-fullwidth fullwidth-box fusion-builder-row-2 nonhundred-percent-fullwidth non-hundred-percent-height-scrolling fusion-no-small-visibility fusion-no-medium-visibility\" style=\"background-color: rgba(255,255,255,0);background-position: left top;background-repeat: no-repeat;padding-top:80px;padding-right:0px;padding-bottom:0px;padding-left:0px;margin-bottom: 0px;margin-top: 0px;border-width: 0px 0px 0px 0px;border-color:#e8eaf0;border-style:solid;\" ><div class=\"fusion-builder-row fusion-row\"><div class=\"fusion-layout-column fusion_builder_column fusion-builder-column-2 fusion_builder_column_1_1 1_1 fusion-one-full fusion-column-first fusion-column-last fusion-column-no-min-height\" style=\"margin-top:0px;margin-bottom:0px;\"><div class=\"fusion-column-wrapper fusion-flex-column-wrapper-legacy\" style=\"background-position:left top;background-repeat:no-repeat;-webkit-background-size:cover;-moz-background-size:cover;-o-background-size:cover;background-size:cover;padding: 0px 0px 0px 0px;\"><div class=\"fusion-column-content-centered\"><div class=\"fusion-column-content\"><div class=\"imageframe-align-center\"><span class=\" fusion-imageframe imageframe-none imageframe-3 hover-type-none\"><img decoding=\"async\" width=\"300\" height=\"300\" title=\"sigla 2016vnobd\" src=\"https:\/\/oamgmamr-gorj.ro\/wp-content\/uploads\/2019\/02\/sigla-2016vnobd-300x300.png\" alt class=\"img-responsive wp-image-1039\" srcset=\"https:\/\/oamgmamr-gorj.ro\/wp-content\/uploads\/2019\/02\/sigla-2016vnobd-200x200.png 200w, https:\/\/oamgmamr-gorj.ro\/wp-content\/uploads\/2019\/02\/sigla-2016vnobd-400x400.png 400w, https:\/\/oamgmamr-gorj.ro\/wp-content\/uploads\/2019\/02\/sigla-2016vnobd-600x600.png 600w, https:\/\/oamgmamr-gorj.ro\/wp-content\/uploads\/2019\/02\/sigla-2016vnobd-800x800.png 800w, https:\/\/oamgmamr-gorj.ro\/wp-content\/uploads\/2019\/02\/sigla-2016vnobd-1200x1200.png 1200w\" sizes=\"(max-width: 800px) 100vw, 300px\" \/><\/span><\/div><div class=\"fusion-sep-clear\"><\/div><div class=\"fusion-separator fusion-full-width-sep\" style=\"margin-left: auto;margin-right: auto;margin-top:15px;width:100%;\"><\/div><div class=\"fusion-sep-clear\"><\/div><style type=\"text\/css\"><\/style><div class=\"fusion-title title fusion-title-2 fusion-sep-none fusion-title-text fusion-title-size-two\" style=\"margin-top:10px;margin-right:0px;margin-bottom:20px;margin-left:0px;\"><h2 class=\"title-heading-left fusion-responsive-typography-calculated\" style=\"margin:0;--fontSize:38;line-height:1.3;\"><p style=\"text-align: center;\">Exercitarea profesiei<\/p><\/h2><\/div><div class=\"fusion-text fusion-text-4\"><p class=\"intro\" style=\"text-align: center;\">Pentru exercitarea profesiei de asistent medical generalist, a profesiei de moa\u015f\u0103 \u015fi a profesiei de asistent medical, posesorii titlurilor oficiale de calificare prev\u0103zute \u00een Ordonan\u0163a de Urgen\u0163\u0103 nr. 144\/2008, trebuie s\u0103 de\u0163in\u0103 Certificat de membru, eliberat de Ordinul Asisten\u0163ilor Medicali Generali\u015fti, Moa\u015felor \u015fi Asisten\u0163ilor Medicali din Rom\u00e2nia. Certificatul de membru este eliberat de OAMGMAMR prin filialele sale, o singur\u0103 dat\u0103, \u00een momentul \u00eenscrierii asisten\u0163ilor medicali generali\u015fti, moa\u015felor \u015fi asisten\u0163ilor medicali \u00een organiza\u0163ia profesional\u0103.<\/p>\n<\/div><div class=\"fusion-sep-clear\"><\/div><div class=\"fusion-separator fusion-full-width-sep\" style=\"margin-left: auto;margin-right: auto;margin-top:15px;width:100%;\"><\/div><div class=\"fusion-sep-clear\"><\/div><div class=\"fusion-aligncenter\"><style>.fusion-body .fusion-button.button-1 .fusion-button-text,.fusion-body .fusion-button.button-1 i{color:#5d5f64;}.fusion-body .fusion-button.button-1{border-color:#ffffff;border-width:2px 2px 2px 2px;border-radius:25px 25px 25px 25px;background:rgba(255,167,55,0);}.fusion-body .fusion-button.button-1:hover .fusion-button-text,.fusion-body .fusion-button.button-1:hover i,.fusion-body .fusion-button.button-1:focus .fusion-button-text,.fusion-body .fusion-button.button-1:focus i,.fusion-body .fusion-button.button-1:active .fusion-button-text,.fusion-body .fusion-button.button-1:active i{color:#607afe;}.fusion-body .fusion-button.button-1:hover,.fusion-body .fusion-button.button-1:active,.fusion-body .fusion-button.button-1:focus{border-color:#607afe;border-width:2px 2px 2px 2px;background:rgba(255,178,81,0);}<\/style><a class=\"fusion-button button-flat fusion-button-default-size button-custom button-1 fusion-button-default-span fusion-button-default-type\" target=\"_self\" href=\"http:\/\/www.oammr-evidenta.ro\/emc\/\"><span class=\"fusion-button-text\">Verificarea creditelor EMC<\/span><\/a><\/div><div class=\"fusion-sep-clear\"><\/div><div class=\"fusion-separator fusion-full-width-sep\" style=\"margin-left: auto;margin-right: auto;margin-top:40px;width:100%;\"><\/div><div class=\"fusion-sep-clear\"><\/div><\/div><\/div><div class=\"fusion-clearfix\"><\/div><\/div><\/div><\/div><\/div><div class=\"fusion-fullwidth fullwidth-box fusion-builder-row-3 fusion-parallax-none nonhundred-percent-fullwidth non-hundred-percent-height-scrolling fusion-equal-height-columns\" style=\"background-color: rgba(0,0,0,0.6);background-image: url(&quot;http:\/\/oamgmamr-gorj.ro\/wp-content\/uploads\/2017\/10\/CTA-1-1.jpg&quot;);background-position: center center;background-repeat: no-repeat;background-blend-mode: overlay;padding-top:5%;padding-right:0px;padding-bottom:6%;padding-left:0px;margin-bottom: 0px;margin-top: 0px;border-width: 0px 0px 0px 0px;border-color:#e8eaf0;border-style:solid;-webkit-background-size:cover;-moz-background-size:cover;-o-background-size:cover;background-size:cover;\" ><div class=\"fusion-builder-row fusion-row\"><div class=\"fusion-layout-column fusion_builder_column fusion-builder-column-3 fusion_builder_column_1_4 1_4 fusion-one-fourth fusion-column-first fusion-no-small-visibility\" style=\"width:25%;width:calc(25% - ( ( 4% + 4% ) * 0.25 ) );margin-right: 4%;margin-top:0px;margin-bottom:0px;\"><div class=\"fusion-column-wrapper fusion-flex-column-wrapper-legacy\" style=\"background-position:left top;background-repeat:no-repeat;-webkit-background-size:cover;-moz-background-size:cover;-o-background-size:cover;background-size:cover;padding: 0px 0px 0px 0px;\"><div class=\"fusion-clearfix\"><\/div><\/div><\/div><div class=\"fusion-layout-column fusion_builder_column fusion-builder-column-4 fusion_builder_column_1_2 1_2 fusion-one-half\" style=\"width:50%;width:calc(50% - ( ( 4% + 4% ) * 0.5 ) );margin-right: 4%;margin-top:40px;margin-bottom:40px;\"><div class=\"fusion-column-wrapper fusion-flex-column-wrapper-legacy\" style=\"background-position:left top;background-repeat:no-repeat;-webkit-background-size:cover;-moz-background-size:cover;-o-background-size:cover;background-size:cover;padding: 0px 0px 0px 0px;\"><div class=\"fusion-column-content-centered\"><div class=\"fusion-column-content\"><style type=\"text\/css\"><\/style><div class=\"fusion-title title fusion-title-3 fusion-sep-none fusion-title-center fusion-title-text fusion-title-size-two\" style=\"margin-top:10px;margin-right:0px;margin-bottom:20px;margin-left:0px;\"><h2 class=\"title-heading-center fusion-responsive-typography-calculated\" style=\"margin:0;--fontSize:38;line-height:1.3;\"><span style=\"color: #ffffff;\">Contacta\u021bi-ne!<\/span><\/h2><\/div><div class=\"fusion-text fusion-text-5\"><p style=\"font-size: 21px; text-align: center;\"><span style=\"color: #ffffff;\">P\u0103rerea fiec\u0103ruia dintre dvs. conteaz\u0103 pentru noi. V\u0103 \u00eencuraj\u0103m s\u0103 ne scrie\u021bi nel\u0103muririle sau \u00eentreb\u0103rile dvs.!<\/span><\/p>\n<\/div><div class=\"fusion-sep-clear\"><\/div><div class=\"fusion-separator fusion-full-width-sep\" style=\"margin-left: auto;margin-right: auto;margin-top:10px;width:100%;\"><\/div><div class=\"fusion-sep-clear\"><\/div><div class=\"fusion-aligncenter\"><style>.fusion-body .fusion-button.button-2{border-radius:25px 25px 25px 25px;}<\/style><a class=\"fusion-button button-flat fusion-button-default-size button-default button-2 fusion-button-default-span fusion-button-default-type\" target=\"_self\" href=\"http:\/\/oamgmamr-gorj.ro\/contact\/\"><span class=\"fusion-button-text\">Contact<\/span><\/a><\/div><\/div><\/div><div class=\"fusion-clearfix\"><\/div><\/div><\/div><div class=\"fusion-layout-column fusion_builder_column fusion-builder-column-5 fusion_builder_column_1_4 1_4 fusion-one-fourth fusion-column-last fusion-no-small-visibility\" style=\"width:25%;width:calc(25% - ( ( 4% + 4% ) * 0.25 ) );margin-top:0px;margin-bottom:0px;\"><div class=\"fusion-column-wrapper fusion-flex-column-wrapper-legacy\" style=\"background-position:left top;background-repeat:no-repeat;-webkit-background-size:cover;-moz-background-size:cover;-o-background-size:cover;background-size:cover;padding: 0px 0px 0px 0px;\"><div class=\"fusion-clearfix\"><\/div><\/div><\/div><\/div><\/div><\/p>\n","protected":false},"excerpt":{"rendered":"","protected":false},"author":1,"featured_media":0,"parent":0,"menu_order":0,"comment_status":"closed","ping_status":"closed","template":"100-width.php","meta":{"_bbp_topic_count":0,"_bbp_reply_count":0,"_bbp_total_topic_count":0,"_bbp_total_reply_count":0,"_bbp_voice_count":0,"_bbp_anonymous_reply_count":0,"_bbp_topic_count_hidden":0,"_bbp_reply_count_hidden":0,"_bbp_forum_subforum_count":0,"footnotes":""},"yoast_head":"<!-- This site is optimized with the Yoast SEO plugin v18.6 - https:\/\/yoast.com\/wordpress\/plugins\/seo\/ -->\n<title>Despre noi - OAMGMAMR Filiala Gorj<\/title>\n<meta name=\"robots\" content=\"index, follow, max-snippet:-1, max-image-preview:large, max-video-preview:-1\" \/>\n<link rel=\"canonical\" href=\"https:\/\/oamgmamr-gorj.ro\/index.php\/despre-noi\/\" \/>\n<meta property=\"og:locale\" content=\"en_US\" \/>\n<meta property=\"og:type\" content=\"article\" \/>\n<meta property=\"og:title\" content=\"Despre noi - OAMGMAMR Filiala Gorj\" \/>\n<meta property=\"og:url\" content=\"https:\/\/oamgmamr-gorj.ro\/index.php\/despre-noi\/\" \/>\n<meta property=\"og:site_name\" content=\"OAMGMAMR Filiala Gorj\" \/>\n<meta property=\"article:modified_time\" content=\"2019-02-26T11:26:50+00:00\" \/>\n<meta name=\"twitter:card\" content=\"summary_large_image\" \/>\n<meta name=\"twitter:label1\" content=\"Est. reading time\" \/>\n\t<meta name=\"twitter:data1\" content=\"11 minutes\" \/>\n<script type=\"application\/ld+json\" class=\"yoast-schema-graph\">{\"@context\":\"https:\/\/schema.org\",\"@graph\":[{\"@type\":\"WebSite\",\"@id\":\"https:\/\/oamgmamr-gorj.ro\/#website\",\"url\":\"https:\/\/oamgmamr-gorj.ro\/\",\"name\":\"OAMGMAMR Filiala Gorj\",\"description\":\"Bine a\u021bi venit!\",\"potentialAction\":[{\"@type\":\"SearchAction\",\"target\":{\"@type\":\"EntryPoint\",\"urlTemplate\":\"https:\/\/oamgmamr-gorj.ro\/?s={search_term_string}\"},\"query-input\":\"required name=search_term_string\"}],\"inLanguage\":\"en-US\"},{\"@type\":\"WebPage\",\"@id\":\"https:\/\/oamgmamr-gorj.ro\/index.php\/despre-noi\/#webpage\",\"url\":\"https:\/\/oamgmamr-gorj.ro\/index.php\/despre-noi\/\",\"name\":\"Despre noi - OAMGMAMR Filiala Gorj\",\"isPartOf\":{\"@id\":\"https:\/\/oamgmamr-gorj.ro\/#website\"},\"datePublished\":\"2017-10-21T02:39:23+00:00\",\"dateModified\":\"2019-02-26T11:26:50+00:00\",\"breadcrumb\":{\"@id\":\"https:\/\/oamgmamr-gorj.ro\/index.php\/despre-noi\/#breadcrumb\"},\"inLanguage\":\"en-US\",\"potentialAction\":[{\"@type\":\"ReadAction\",\"target\":[\"https:\/\/oamgmamr-gorj.ro\/index.php\/despre-noi\/\"]}]},{\"@type\":\"BreadcrumbList\",\"@id\":\"https:\/\/oamgmamr-gorj.ro\/index.php\/despre-noi\/#breadcrumb\",\"itemListElement\":[{\"@type\":\"ListItem\",\"position\":1,\"name\":\"Home\",\"item\":\"https:\/\/oamgmamr-gorj.ro\/\"},{\"@type\":\"ListItem\",\"position\":2,\"name\":\"Despre noi\"}]}]}<\/script>\n<!-- \/ Yoast SEO plugin. -->","yoast_head_json":{"title":"Despre noi - OAMGMAMR Filiala Gorj","robots":{"index":"index","follow":"follow","max-snippet":"max-snippet:-1","max-image-preview":"max-image-preview:large","max-video-preview":"max-video-preview:-1"},"canonical":"https:\/\/oamgmamr-gorj.ro\/index.php\/despre-noi\/","og_locale":"en_US","og_type":"article","og_title":"Despre noi - OAMGMAMR Filiala Gorj","og_url":"https:\/\/oamgmamr-gorj.ro\/index.php\/despre-noi\/","og_site_name":"OAMGMAMR Filiala Gorj","article_modified_time":"2019-02-26T11:26:50+00:00","twitter_card":"summary_large_image","twitter_misc":{"Est. reading time":"11 minutes"},"schema":{"@context":"https:\/\/schema.org","@graph":[{"@type":"WebSite","@id":"https:\/\/oamgmamr-gorj.ro\/#website","url":"https:\/\/oamgmamr-gorj.ro\/","name":"OAMGMAMR Filiala Gorj","description":"Bine a\u021bi venit!","potentialAction":[{"@type":"SearchAction","target":{"@type":"EntryPoint","urlTemplate":"https:\/\/oamgmamr-gorj.ro\/?s={search_term_string}"},"query-input":"required name=search_term_string"}],"inLanguage":"en-US"},{"@type":"WebPage","@id":"https:\/\/oamgmamr-gorj.ro\/index.php\/despre-noi\/#webpage","url":"https:\/\/oamgmamr-gorj.ro\/index.php\/despre-noi\/","name":"Despre noi - OAMGMAMR Filiala Gorj","isPartOf":{"@id":"https:\/\/oamgmamr-gorj.ro\/#website"},"datePublished":"2017-10-21T02:39:23+00:00","dateModified":"2019-02-26T11:26:50+00:00","breadcrumb":{"@id":"https:\/\/oamgmamr-gorj.ro\/index.php\/despre-noi\/#breadcrumb"},"inLanguage":"en-US","potentialAction":[{"@type":"ReadAction","target":["https:\/\/oamgmamr-gorj.ro\/index.php\/despre-noi\/"]}]},{"@type":"BreadcrumbList","@id":"https:\/\/oamgmamr-gorj.ro\/index.php\/despre-noi\/#breadcrumb","itemListElement":[{"@type":"ListItem","position":1,"name":"Home","item":"https:\/\/oamgmamr-gorj.ro\/"},{"@type":"ListItem","position":2,"name":"Despre noi"}]}]}},"_links":{"self":[{"href":"https:\/\/oamgmamr-gorj.ro\/index.php\/wp-json\/wp\/v2\/pages\/56"}],"collection":[{"href":"https:\/\/oamgmamr-gorj.ro\/index.php\/wp-json\/wp\/v2\/pages"}],"about":[{"href":"https:\/\/oamgmamr-gorj.ro\/index.php\/wp-json\/wp\/v2\/types\/page"}],"author":[{"embeddable":true,"href":"https:\/\/oamgmamr-gorj.ro\/index.php\/wp-json\/wp\/v2\/users\/1"}],"replies":[{"embeddable":true,"href":"https:\/\/oamgmamr-gorj.ro\/index.php\/wp-json\/wp\/v2\/comments?post=56"}],"version-history":[{"count":30,"href":"https:\/\/oamgmamr-gorj.ro\/index.php\/wp-json\/wp\/v2\/pages\/56\/revisions"}],"predecessor-version":[{"id":1134,"href":"https:\/\/oamgmamr-gorj.ro\/index.php\/wp-json\/wp\/v2\/pages\/56\/revisions\/1134"}],"wp:attachment":[{"href":"https:\/\/oamgmamr-gorj.ro\/index.php\/wp-json\/wp\/v2\/media?parent=56"}],"curies":[{"name":"wp","href":"https:\/\/api.w.org\/{rel}","templated":true}]}}