{"id":1180,"date":"2019-02-27T15:06:03","date_gmt":"2019-02-27T15:06:03","guid":{"rendered":"https:\/\/oamgmamr-gorj.ro\/?page_id=1180"},"modified":"2019-02-27T15:36:49","modified_gmt":"2019-02-27T15:36:49","slug":"exercitarea-profesiei","status":"publish","type":"page","link":"https:\/\/oamgmamr-gorj.ro\/index.php\/exercitarea-profesiei\/","title":{"rendered":"Exercitarea profesiei"},"content":{"rendered":"<div class=\"fusion-fullwidth fullwidth-box fusion-builder-row-1 nonhundred-percent-fullwidth non-hundred-percent-height-scrolling\" style=\"background-color: rgba(255,255,255,0);background-position: center center;background-repeat: no-repeat;padding-top:0px;padding-right:0px;padding-bottom:0px;padding-left:0px;margin-bottom: 0px;margin-top: 0px;border-width: 0px 0px 0px 0px;border-color:#e8eaf0;border-style:solid;\" ><div class=\"fusion-builder-row fusion-row\"><div class=\"fusion-layout-column fusion_builder_column fusion-builder-column-0 fusion_builder_column_1_1 1_1 fusion-one-full fusion-column-first fusion-column-last\" style=\"margin-top:0px;margin-bottom:20px;\"><div class=\"fusion-column-wrapper fusion-flex-column-wrapper-legacy\" style=\"background-position:left top;background-repeat:no-repeat;-webkit-background-size:cover;-moz-background-size:cover;-o-background-size:cover;background-size:cover;padding: 0px 0px 0px 0px;\"><div class=\"fusion-recent-posts fusion-recent-posts-1 avada-container layout-default layout-columns-3\"><section class=\"fusion-columns columns fusion-columns-3 columns-3\"><article class=\"post fusion-column column col col-lg-4 col-md-4 col-sm-4\"><div class=\"fusion-flexslider fusion-flexslider-loading flexslider flexslider-hover-type-none\"><ul class=\"slides\"><li><a href=\"https:\/\/oamgmamr-gorj.ro\/index.php\/2019\/02\/27\/codul-de-etica-si-deontologie-al-asistentului-medical\/\" aria-label=\"Codul de etic\u0103 \u0219i deontologie al asistentului medical\" class=\"hover-type-none\"><img decoding=\"async\" width=\"700\" height=\"441\" src=\"https:\/\/oamgmamr-gorj.ro\/wp-content\/uploads\/2019\/02\/young-female-medical-doctor-writing-anamnesis-in-P2XK954-1-1200x800-700x441.jpg\" class=\"attachment-recent-posts size-recent-posts\" alt=\"\" srcset=\"https:\/\/oamgmamr-gorj.ro\/wp-content\/uploads\/2019\/02\/young-female-medical-doctor-writing-anamnesis-in-P2XK954-1-1200x800-320x202.jpg 320w, https:\/\/oamgmamr-gorj.ro\/wp-content\/uploads\/2019\/02\/young-female-medical-doctor-writing-anamnesis-in-P2XK954-1-1200x800-700x441.jpg 700w\" sizes=\"(max-width: 700px) 100vw, 700px\" \/><\/a><\/li><\/ul><\/div><div class=\"recent-posts-content\"><span class=\"vcard\" style=\"display: none;\"><span class=\"fn\"><a href=\"https:\/\/oamgmamr-gorj.ro\/index.php\/author\/mrjordas\/\" title=\"Posts by mrjordas\" rel=\"author\">mrjordas<\/a><\/span><\/span><span class=\"updated\" style=\"display:none;\">2019-07-08T07:03:26+00:00<\/span><h4 class=\"entry-title\"><a href=\"https:\/\/oamgmamr-gorj.ro\/index.php\/2019\/02\/27\/codul-de-etica-si-deontologie-al-asistentului-medical\/\">Codul de etic\u0103 \u0219i deontologie al asistentului medical<\/a><\/h4><p class=\"meta\"><span class=\"vcard\" style=\"display: none;\"><span class=\"fn\"><a href=\"https:\/\/oamgmamr-gorj.ro\/index.php\/author\/mrjordas\/\" title=\"Posts by mrjordas\" rel=\"author\">mrjordas<\/a><\/span><\/span><span class=\"updated\" style=\"display:none;\">2019-07-08T07:03:26+00:00<\/span><span>February 27th, 2019<\/span><span class=\"fusion-inline-sep\">|<\/span><span class=\"fusion-comments\"><a href=\"https:\/\/oamgmamr-gorj.ro\/index.php\/2019\/02\/27\/codul-de-etica-si-deontologie-al-asistentului-medical\/#respond\">0 Comments<\/a><\/span><\/p><p> CODUL DE ETIC\u0102 \u015eI DEONTOLOGIE PROFESIONAL\u0102 AL ASISTENTULUI MEDICAL \u015eI MOA\u015eEI DIN ROM\u00c2NIA CAPITOLUL I Principii generale ART. 1 Codul de etic\u0103 \u015fi deontologie al asistentului medical generalist, al moa\u015fei \u015fi al asistentului medical<\/p><\/div><\/article><article class=\"post fusion-column column col col-lg-4 col-md-4 col-sm-4\"><div class=\"fusion-flexslider fusion-flexslider-loading flexslider flexslider-hover-type-none\"><ul class=\"slides\"><li><a href=\"https:\/\/oamgmamr-gorj.ro\/index.php\/2019\/02\/27\/activitatea-de-voluntariat\/\" aria-label=\"Activitatea de voluntariat\" class=\"hover-type-none\"><img decoding=\"async\" width=\"700\" height=\"441\" src=\"https:\/\/oamgmamr-gorj.ro\/wp-content\/uploads\/2019\/02\/paramedics-doll-1142284_1920-1024x683-800x534-700x441.jpg\" class=\"attachment-recent-posts size-recent-posts\" alt=\"\" srcset=\"https:\/\/oamgmamr-gorj.ro\/wp-content\/uploads\/2019\/02\/paramedics-doll-1142284_1920-1024x683-800x534-320x202.jpg 320w, https:\/\/oamgmamr-gorj.ro\/wp-content\/uploads\/2019\/02\/paramedics-doll-1142284_1920-1024x683-800x534-700x441.jpg 700w\" sizes=\"(max-width: 700px) 100vw, 700px\" \/><\/a><\/li><\/ul><\/div><div class=\"recent-posts-content\"><span class=\"vcard\" style=\"display: none;\"><span class=\"fn\"><a href=\"https:\/\/oamgmamr-gorj.ro\/index.php\/author\/mrjordas\/\" title=\"Posts by mrjordas\" rel=\"author\">mrjordas<\/a><\/span><\/span><span class=\"updated\" style=\"display:none;\">2019-03-12T20:58:46+00:00<\/span><h4 class=\"entry-title\"><a href=\"https:\/\/oamgmamr-gorj.ro\/index.php\/2019\/02\/27\/activitatea-de-voluntariat\/\">Activitatea de voluntariat<\/a><\/h4><p class=\"meta\"><span class=\"vcard\" style=\"display: none;\"><span class=\"fn\"><a href=\"https:\/\/oamgmamr-gorj.ro\/index.php\/author\/mrjordas\/\" title=\"Posts by mrjordas\" rel=\"author\">mrjordas<\/a><\/span><\/span><span class=\"updated\" style=\"display:none;\">2019-03-12T20:58:46+00:00<\/span><span>February 27th, 2019<\/span><span class=\"fusion-inline-sep\">|<\/span><span class=\"fusion-comments\"><a href=\"https:\/\/oamgmamr-gorj.ro\/index.php\/2019\/02\/27\/activitatea-de-voluntariat\/#respond\">0 Comments<\/a><\/span><\/p><p> Asisten\u0163ii medicali care inten\u0163ioneaz\u0103 s\u0103 desf\u0103\u015foare activitate de voluntariat \u00eentr-o unitate medical\u0103 sunt obliga\u0163i s\u0103 de\u0163in\u0103 adeverin\u0163a sau certificatul de membru \u00een momentul \u00eencheierii contractului. Dup\u0103 semnarea documentului, ei se vor prezenta, \u00een maximum<\/p><\/div><\/article><article class=\"post fusion-column column col col-lg-4 col-md-4 col-sm-4\"><div class=\"fusion-flexslider fusion-flexslider-loading flexslider flexslider-hover-type-none\"><ul class=\"slides\"><li><a href=\"https:\/\/oamgmamr-gorj.ro\/index.php\/2019\/02\/27\/avizul-anual-de-libera-practica\/\" aria-label=\"Avizul anual de liber\u0103 practic\u0103\" class=\"hover-type-none\"><img decoding=\"async\" width=\"700\" height=\"441\" src=\"https:\/\/oamgmamr-gorj.ro\/wp-content\/uploads\/2019\/02\/1234788-800x791-700x441.jpg\" class=\"attachment-recent-posts size-recent-posts\" alt=\"\" srcset=\"https:\/\/oamgmamr-gorj.ro\/wp-content\/uploads\/2019\/02\/1234788-800x791-320x202.jpg 320w, https:\/\/oamgmamr-gorj.ro\/wp-content\/uploads\/2019\/02\/1234788-800x791-700x441.jpg 700w\" sizes=\"(max-width: 700px) 100vw, 700px\" \/><\/a><\/li><\/ul><\/div><div class=\"recent-posts-content\"><span class=\"vcard\" style=\"display: none;\"><span class=\"fn\"><a href=\"https:\/\/oamgmamr-gorj.ro\/index.php\/author\/mrjordas\/\" title=\"Posts by mrjordas\" rel=\"author\">mrjordas<\/a><\/span><\/span><span class=\"updated\" style=\"display:none;\">2025-09-30T07:44:23+00:00<\/span><h4 class=\"entry-title\"><a href=\"https:\/\/oamgmamr-gorj.ro\/index.php\/2019\/02\/27\/avizul-anual-de-libera-practica\/\">Avizul anual de liber\u0103 practic\u0103<\/a><\/h4><p class=\"meta\"><span class=\"vcard\" style=\"display: none;\"><span class=\"fn\"><a href=\"https:\/\/oamgmamr-gorj.ro\/index.php\/author\/mrjordas\/\" title=\"Posts by mrjordas\" rel=\"author\">mrjordas<\/a><\/span><\/span><span class=\"updated\" style=\"display:none;\">2025-09-30T07:44:23+00:00<\/span><span>February 27th, 2019<\/span><span class=\"fusion-inline-sep\">|<\/span><span class=\"fusion-comments\"><a href=\"https:\/\/oamgmamr-gorj.ro\/index.php\/2019\/02\/27\/avizul-anual-de-libera-practica\/#respond\">0 Comments<\/a><\/span><\/p><p>Avizul anual pentru autorizarea exercit\u0103rii profesiei este documentul care permite asistentului medical\/moa\u015fei s\u0103 lucreze legal. Avizul se elibereaz\u0103 numai membrilor OAMGMAMR care sunt angaja\u0163i \u00een sistemul sanitar ca asisten\u0163i medicali sau moa\u015fe (voluntari sau cu<\/p><\/div><\/article><article class=\"post fusion-column column col col-lg-4 col-md-4 col-sm-4\"><div class=\"fusion-flexslider fusion-flexslider-loading flexslider flexslider-hover-type-none\"><ul class=\"slides\"><li><a href=\"https:\/\/oamgmamr-gorj.ro\/index.php\/2019\/02\/27\/certificatul-de-membru\/\" aria-label=\"Certificatul de membru\" class=\"hover-type-none\"><img decoding=\"async\" width=\"700\" height=\"441\" src=\"https:\/\/oamgmamr-gorj.ro\/wp-content\/uploads\/2019\/02\/123-800x606-1-700x441.jpg\" class=\"attachment-recent-posts size-recent-posts\" alt=\"\" srcset=\"https:\/\/oamgmamr-gorj.ro\/wp-content\/uploads\/2019\/02\/123-800x606-1-320x202.jpg 320w, https:\/\/oamgmamr-gorj.ro\/wp-content\/uploads\/2019\/02\/123-800x606-1-700x441.jpg 700w\" sizes=\"(max-width: 700px) 100vw, 700px\" \/><\/a><\/li><\/ul><\/div><div class=\"recent-posts-content\"><span class=\"vcard\" style=\"display: none;\"><span class=\"fn\"><a href=\"https:\/\/oamgmamr-gorj.ro\/index.php\/author\/mrjordas\/\" title=\"Posts by mrjordas\" rel=\"author\">mrjordas<\/a><\/span><\/span><span class=\"updated\" style=\"display:none;\">2025-06-06T08:46:07+00:00<\/span><h4 class=\"entry-title\"><a href=\"https:\/\/oamgmamr-gorj.ro\/index.php\/2019\/02\/27\/certificatul-de-membru\/\">Certificatul de membru<\/a><\/h4><p class=\"meta\"><span class=\"vcard\" style=\"display: none;\"><span class=\"fn\"><a href=\"https:\/\/oamgmamr-gorj.ro\/index.php\/author\/mrjordas\/\" title=\"Posts by mrjordas\" rel=\"author\">mrjordas<\/a><\/span><\/span><span class=\"updated\" style=\"display:none;\">2025-06-06T08:46:07+00:00<\/span><span>February 27th, 2019<\/span><span class=\"fusion-inline-sep\">|<\/span><span class=\"fusion-comments\"><a href=\"https:\/\/oamgmamr-gorj.ro\/index.php\/2019\/02\/27\/certificatul-de-membru\/#respond\">0 Comments<\/a><\/span><\/p><p> Pentru exercitarea profesiei de asistent medical generalist, a profesiei de moa\u015f\u0103 \u015fi a profesiei de\u00a0 asistent medical, posesorii titlurilor oficiale de calificare prev\u0103zute \u00een Ordonan\u0163a de Urgen\u0163\u0103 nr. 144\/2008, trebuie s\u0103 de\u0163in\u0103 Certificat de<\/p><\/div><\/article><article class=\"post fusion-column column col col-lg-4 col-md-4 col-sm-4\"><div class=\"fusion-flexslider fusion-flexslider-loading flexslider flexslider-hover-type-none\"><ul class=\"slides\"><li><a href=\"https:\/\/oamgmamr-gorj.ro\/index.php\/2019\/02\/27\/suspendarea-din-calitatea-de-membru\/\" aria-label=\"Suspendarea din calitatea de membru\" class=\"hover-type-none\"><img decoding=\"async\" width=\"700\" height=\"441\" src=\"https:\/\/oamgmamr-gorj.ro\/wp-content\/uploads\/2019\/02\/checkup-form-and-a-stethoscope-PJMK27S-1200x801-700x441.jpg\" class=\"attachment-recent-posts size-recent-posts\" alt=\"\" srcset=\"https:\/\/oamgmamr-gorj.ro\/wp-content\/uploads\/2019\/02\/checkup-form-and-a-stethoscope-PJMK27S-1200x801-320x202.jpg 320w, https:\/\/oamgmamr-gorj.ro\/wp-content\/uploads\/2019\/02\/checkup-form-and-a-stethoscope-PJMK27S-1200x801-700x441.jpg 700w\" sizes=\"(max-width: 700px) 100vw, 700px\" \/><\/a><\/li><\/ul><\/div><div class=\"recent-posts-content\"><span class=\"vcard\" style=\"display: none;\"><span class=\"fn\"><a href=\"https:\/\/oamgmamr-gorj.ro\/index.php\/author\/mrjordas\/\" title=\"Posts by mrjordas\" rel=\"author\">mrjordas<\/a><\/span><\/span><span class=\"updated\" style=\"display:none;\">2019-03-12T20:44:43+00:00<\/span><h4 class=\"entry-title\"><a href=\"https:\/\/oamgmamr-gorj.ro\/index.php\/2019\/02\/27\/suspendarea-din-calitatea-de-membru\/\">Suspendarea din calitatea de membru<\/a><\/h4><p class=\"meta\"><span class=\"vcard\" style=\"display: none;\"><span class=\"fn\"><a href=\"https:\/\/oamgmamr-gorj.ro\/index.php\/author\/mrjordas\/\" title=\"Posts by mrjordas\" rel=\"author\">mrjordas<\/a><\/span><\/span><span class=\"updated\" style=\"display:none;\">2019-03-12T20:44:43+00:00<\/span><span>February 27th, 2019<\/span><span class=\"fusion-inline-sep\">|<\/span><span class=\"fusion-comments\"><a href=\"https:\/\/oamgmamr-gorj.ro\/index.php\/2019\/02\/27\/suspendarea-din-calitatea-de-membru\/#respond\">0 Comments<\/a><\/span><\/p><p> Suspendarea din calitatea de membru Suspendarea calitatii de Membru se face la cerere doar pe perioada neexercitarii profesiei de As.\u00a0 Med.\u00a0 (inclusiv concediu de crestere copil sau concediu fara salariu). Suspendarea nu poate fi<\/p><\/div><\/article><article class=\"post fusion-column column col col-lg-4 col-md-4 col-sm-4\"><div class=\"fusion-flexslider fusion-flexslider-loading flexslider flexslider-hover-type-none\"><ul class=\"slides\"><li><a href=\"https:\/\/oamgmamr-gorj.ro\/index.php\/2019\/02\/22\/reatestarea-profesionala\/\" aria-label=\"Reatestarea profesional\u0103\" class=\"hover-type-none\"><img decoding=\"async\" width=\"700\" height=\"441\" src=\"https:\/\/oamgmamr-gorj.ro\/wp-content\/uploads\/2019\/02\/asian-medical-doctor-woman-DLMNGZ6-1200x848-700x441.jpg\" class=\"attachment-recent-posts size-recent-posts\" alt=\"\" srcset=\"https:\/\/oamgmamr-gorj.ro\/wp-content\/uploads\/2019\/02\/asian-medical-doctor-woman-DLMNGZ6-1200x848-320x202.jpg 320w, https:\/\/oamgmamr-gorj.ro\/wp-content\/uploads\/2019\/02\/asian-medical-doctor-woman-DLMNGZ6-1200x848-700x441.jpg 700w\" sizes=\"(max-width: 700px) 100vw, 700px\" \/><\/a><\/li><\/ul><\/div><div class=\"recent-posts-content\"><span class=\"vcard\" style=\"display: none;\"><span class=\"fn\"><a href=\"https:\/\/oamgmamr-gorj.ro\/index.php\/author\/mrjordas\/\" title=\"Posts by mrjordas\" rel=\"author\">mrjordas<\/a><\/span><\/span><span class=\"updated\" style=\"display:none;\">2019-02-27T15:38:10+00:00<\/span><h4 class=\"entry-title\"><a href=\"https:\/\/oamgmamr-gorj.ro\/index.php\/2019\/02\/22\/reatestarea-profesionala\/\">Reatestarea profesional\u0103<\/a><\/h4><p class=\"meta\"><span class=\"vcard\" style=\"display: none;\"><span class=\"fn\"><a href=\"https:\/\/oamgmamr-gorj.ro\/index.php\/author\/mrjordas\/\" title=\"Posts by mrjordas\" rel=\"author\">mrjordas<\/a><\/span><\/span><span class=\"updated\" style=\"display:none;\">2019-02-27T15:38:10+00:00<\/span><span>February 22nd, 2019<\/span><span class=\"fusion-inline-sep\">|<\/span><span class=\"fusion-comments\"><a href=\"https:\/\/oamgmamr-gorj.ro\/index.php\/2019\/02\/22\/reatestarea-profesionala\/#respond\">0 Comments<\/a><\/span><\/p><p> Reatestarea profesional\u0103 \u00cen conformitate cu prevederile art. 18 din OUG 144\/2008, asisten\u0163ii medicali generali\u015fti, moa\u015fele \u015fi asisten\u0163ii medicali care \u00eentrerup activitatea profesional\u0103 pentru o perioad\u0103 mai mare de 5 ani vor fi reatesta\u0163i, \u00een<\/p><\/div><\/article><\/section><\/div><div class=\"fusion-clearfix\"><\/div><\/div><\/div><\/div><\/div>\n","protected":false},"excerpt":{"rendered":"<p>35<\/p>\n","protected":false},"author":1,"featured_media":0,"parent":0,"menu_order":0,"comment_status":"closed","ping_status":"closed","template":"","meta":{"_bbp_topic_count":0,"_bbp_reply_count":0,"_bbp_total_topic_count":0,"_bbp_total_reply_count":0,"_bbp_voice_count":0,"_bbp_anonymous_reply_count":0,"_bbp_topic_count_hidden":0,"_bbp_reply_count_hidden":0,"_bbp_forum_subforum_count":0,"footnotes":""},"yoast_head":"<!-- This site is optimized with the Yoast SEO plugin v18.6 - https:\/\/yoast.com\/wordpress\/plugins\/seo\/ -->\n<title>Exercitarea profesiei - OAMGMAMR Filiala Gorj<\/title>\n<meta name=\"robots\" content=\"index, follow, max-snippet:-1, max-image-preview:large, max-video-preview:-1\" \/>\n<link rel=\"canonical\" href=\"https:\/\/oamgmamr-gorj.ro\/index.php\/exercitarea-profesiei\/\" \/>\n<meta property=\"og:locale\" content=\"en_US\" \/>\n<meta property=\"og:type\" content=\"article\" \/>\n<meta property=\"og:title\" content=\"Exercitarea profesiei - OAMGMAMR Filiala Gorj\" \/>\n<meta property=\"og:description\" content=\"35\" \/>\n<meta property=\"og:url\" content=\"https:\/\/oamgmamr-gorj.ro\/index.php\/exercitarea-profesiei\/\" \/>\n<meta property=\"og:site_name\" content=\"OAMGMAMR Filiala Gorj\" \/>\n<meta property=\"article:modified_time\" content=\"2019-02-27T15:36:49+00:00\" \/>\n<meta name=\"twitter:card\" content=\"summary_large_image\" \/>\n<meta name=\"twitter:label1\" content=\"Est. reading time\" \/>\n\t<meta name=\"twitter:data1\" content=\"1 minute\" \/>\n<script type=\"application\/ld+json\" class=\"yoast-schema-graph\">{\"@context\":\"https:\/\/schema.org\",\"@graph\":[{\"@type\":\"WebSite\",\"@id\":\"https:\/\/oamgmamr-gorj.ro\/#website\",\"url\":\"https:\/\/oamgmamr-gorj.ro\/\",\"name\":\"OAMGMAMR Filiala Gorj\",\"description\":\"Bine a\u021bi venit!\",\"potentialAction\":[{\"@type\":\"SearchAction\",\"target\":{\"@type\":\"EntryPoint\",\"urlTemplate\":\"https:\/\/oamgmamr-gorj.ro\/?s={search_term_string}\"},\"query-input\":\"required name=search_term_string\"}],\"inLanguage\":\"en-US\"},{\"@type\":\"WebPage\",\"@id\":\"https:\/\/oamgmamr-gorj.ro\/index.php\/exercitarea-profesiei\/#webpage\",\"url\":\"https:\/\/oamgmamr-gorj.ro\/index.php\/exercitarea-profesiei\/\",\"name\":\"Exercitarea profesiei - OAMGMAMR Filiala Gorj\",\"isPartOf\":{\"@id\":\"https:\/\/oamgmamr-gorj.ro\/#website\"},\"datePublished\":\"2019-02-27T15:06:03+00:00\",\"dateModified\":\"2019-02-27T15:36:49+00:00\",\"breadcrumb\":{\"@id\":\"https:\/\/oamgmamr-gorj.ro\/index.php\/exercitarea-profesiei\/#breadcrumb\"},\"inLanguage\":\"en-US\",\"potentialAction\":[{\"@type\":\"ReadAction\",\"target\":[\"https:\/\/oamgmamr-gorj.ro\/index.php\/exercitarea-profesiei\/\"]}]},{\"@type\":\"BreadcrumbList\",\"@id\":\"https:\/\/oamgmamr-gorj.ro\/index.php\/exercitarea-profesiei\/#breadcrumb\",\"itemListElement\":[{\"@type\":\"ListItem\",\"position\":1,\"name\":\"Home\",\"item\":\"https:\/\/oamgmamr-gorj.ro\/\"},{\"@type\":\"ListItem\",\"position\":2,\"name\":\"Exercitarea profesiei\"}]}]}<\/script>\n<!-- \/ Yoast SEO plugin. -->","yoast_head_json":{"title":"Exercitarea profesiei - OAMGMAMR Filiala Gorj","robots":{"index":"index","follow":"follow","max-snippet":"max-snippet:-1","max-image-preview":"max-image-preview:large","max-video-preview":"max-video-preview:-1"},"canonical":"https:\/\/oamgmamr-gorj.ro\/index.php\/exercitarea-profesiei\/","og_locale":"en_US","og_type":"article","og_title":"Exercitarea profesiei - OAMGMAMR Filiala Gorj","og_description":"35","og_url":"https:\/\/oamgmamr-gorj.ro\/index.php\/exercitarea-profesiei\/","og_site_name":"OAMGMAMR Filiala Gorj","article_modified_time":"2019-02-27T15:36:49+00:00","twitter_card":"summary_large_image","twitter_misc":{"Est. reading time":"1 minute"},"schema":{"@context":"https:\/\/schema.org","@graph":[{"@type":"WebSite","@id":"https:\/\/oamgmamr-gorj.ro\/#website","url":"https:\/\/oamgmamr-gorj.ro\/","name":"OAMGMAMR Filiala Gorj","description":"Bine a\u021bi venit!","potentialAction":[{"@type":"SearchAction","target":{"@type":"EntryPoint","urlTemplate":"https:\/\/oamgmamr-gorj.ro\/?s={search_term_string}"},"query-input":"required name=search_term_string"}],"inLanguage":"en-US"},{"@type":"WebPage","@id":"https:\/\/oamgmamr-gorj.ro\/index.php\/exercitarea-profesiei\/#webpage","url":"https:\/\/oamgmamr-gorj.ro\/index.php\/exercitarea-profesiei\/","name":"Exercitarea profesiei - OAMGMAMR Filiala Gorj","isPartOf":{"@id":"https:\/\/oamgmamr-gorj.ro\/#website"},"datePublished":"2019-02-27T15:06:03+00:00","dateModified":"2019-02-27T15:36:49+00:00","breadcrumb":{"@id":"https:\/\/oamgmamr-gorj.ro\/index.php\/exercitarea-profesiei\/#breadcrumb"},"inLanguage":"en-US","potentialAction":[{"@type":"ReadAction","target":["https:\/\/oamgmamr-gorj.ro\/index.php\/exercitarea-profesiei\/"]}]},{"@type":"BreadcrumbList","@id":"https:\/\/oamgmamr-gorj.ro\/index.php\/exercitarea-profesiei\/#breadcrumb","itemListElement":[{"@type":"ListItem","position":1,"name":"Home","item":"https:\/\/oamgmamr-gorj.ro\/"},{"@type":"ListItem","position":2,"name":"Exercitarea profesiei"}]}]}},"_links":{"self":[{"href":"https:\/\/oamgmamr-gorj.ro\/index.php\/wp-json\/wp\/v2\/pages\/1180"}],"collection":[{"href":"https:\/\/oamgmamr-gorj.ro\/index.php\/wp-json\/wp\/v2\/pages"}],"about":[{"href":"https:\/\/oamgmamr-gorj.ro\/index.php\/wp-json\/wp\/v2\/types\/page"}],"author":[{"embeddable":true,"href":"https:\/\/oamgmamr-gorj.ro\/index.php\/wp-json\/wp\/v2\/users\/1"}],"replies":[{"embeddable":true,"href":"https:\/\/oamgmamr-gorj.ro\/index.php\/wp-json\/wp\/v2\/comments?post=1180"}],"version-history":[{"count":4,"href":"https:\/\/oamgmamr-gorj.ro\/index.php\/wp-json\/wp\/v2\/pages\/1180\/revisions"}],"predecessor-version":[{"id":1219,"href":"https:\/\/oamgmamr-gorj.ro\/index.php\/wp-json\/wp\/v2\/pages\/1180\/revisions\/1219"}],"wp:attachment":[{"href":"https:\/\/oamgmamr-gorj.ro\/index.php\/wp-json\/wp\/v2\/media?parent=1180"}],"curies":[{"name":"wp","href":"https:\/\/api.w.org\/{rel}","templated":true}]}}